{"id":77,"date":"2025-11-29T07:14:21","date_gmt":"2025-11-29T07:14:21","guid":{"rendered":"http:\/\/adnabrw.cluster121.hosting.ovh.net\/?page_id=77"},"modified":"2026-04-03T15:05:26","modified_gmt":"2026-04-03T15:05:26","slug":"offres-demploi","status":"publish","type":"page","link":"https:\/\/www.adna-bretagne.com\/index.php\/offres-demploi\/","title":{"rendered":"Nous rejoindre !"},"content":{"rendered":"\n<div class=\"wp-block-file\"><a id=\"wp-block-file--media-0b1d2ca3-3236-4e9e-97b6-f2263bad9416\" href=\"http:\/\/adnabrw.cluster121.hosting.ovh.net\/wp-content\/uploads\/2025\/11\/ANNONCE-neuropsychologue-cotes-darmor.docx\">ANNONCE neuropsychologue cotes d&rsquo;armor<\/a><a href=\"http:\/\/adnabrw.cluster121.hosting.ovh.net\/wp-content\/uploads\/2025\/11\/ANNONCE-neuropsychologue-cotes-darmor.docx\" class=\"wp-block-file__button wp-element-button\" download aria-describedby=\"wp-block-file--media-0b1d2ca3-3236-4e9e-97b6-f2263bad9416\">T\u00e9l\u00e9charger<\/a><\/div>\n\n\n\n<p>\u00e0 pourvoir imm\u00e9diatement. Temps de travail &lt; 0,70 ETP possible. <\/p>\n\n\n\n<p>ANNONCE POURVUE !<\/p>\n\n\n\n<p><\/p>\n\n\n\n<p>pour les candidatures spontan\u00e9e ou demande de stage chloemoulinadna @ gmail.com<\/p>\n\n\n\n<p><\/p>\n","protected":false},"excerpt":{"rendered":"<p>\u00e0 pourvoir imm\u00e9diatement. Temps de travail &lt; 0,70 ETP possible. ANNONCE POURVUE ! pour les candidatures spontan\u00e9e ou demande de stage chloemoulinadna @ gmail.com<\/p>\n","protected":false},"author":1,"featured_media":0,"parent":0,"menu_order":0,"comment_status":"closed","ping_status":"closed","template":"","meta":{"neve_meta_sidebar":"","neve_meta_container":"","neve_meta_enable_content_width":"","neve_meta_content_width":0,"neve_meta_title_alignment":"","neve_meta_author_avatar":"","neve_post_elements_order":"","neve_meta_disable_header":"","neve_meta_disable_footer":"","neve_meta_disable_title":"","_kadence_starter_templates_imported_post":false,"footnotes":""},"class_list":["post-77","page","type-page","status-publish","hentry"],"_links":{"self":[{"href":"https:\/\/www.adna-bretagne.com\/index.php\/wp-json\/wp\/v2\/pages\/77","targetHints":{"allow":["GET"]}}],"collection":[{"href":"https:\/\/www.adna-bretagne.com\/index.php\/wp-json\/wp\/v2\/pages"}],"about":[{"href":"https:\/\/www.adna-bretagne.com\/index.php\/wp-json\/wp\/v2\/types\/page"}],"author":[{"embeddable":true,"href":"https:\/\/www.adna-bretagne.com\/index.php\/wp-json\/wp\/v2\/users\/1"}],"replies":[{"embeddable":true,"href":"https:\/\/www.adna-bretagne.com\/index.php\/wp-json\/wp\/v2\/comments?post=77"}],"version-history":[{"count":4,"href":"https:\/\/www.adna-bretagne.com\/index.php\/wp-json\/wp\/v2\/pages\/77\/revisions"}],"predecessor-version":[{"id":149,"href":"https:\/\/www.adna-bretagne.com\/index.php\/wp-json\/wp\/v2\/pages\/77\/revisions\/149"}],"wp:attachment":[{"href":"https:\/\/www.adna-bretagne.com\/index.php\/wp-json\/wp\/v2\/media?parent=77"}],"curies":[{"name":"wp","href":"https:\/\/api.w.org\/{rel}","templated":true}]}}