{"id":47,"date":"2025-11-28T18:16:52","date_gmt":"2025-11-28T18:16:52","guid":{"rendered":"http:\/\/adnabrw.cluster121.hosting.ovh.net\/?page_id=47"},"modified":"2025-11-29T07:28:51","modified_gmt":"2025-11-29T07:28:51","slug":"lequipe-et-notre-implantation","status":"publish","type":"page","link":"https:\/\/www.adna-bretagne.com\/index.php\/lequipe-et-notre-implantation\/","title":{"rendered":"L&rsquo;\u00e9quipe et notre implantation"},"content":{"rendered":"\n<h3 class=\"wp-block-heading\"><strong>Une \u00e9quipe pluridisciplinaire engag\u00e9e pour la sant\u00e9 cognitive en Bretagne<\/strong><\/h3>\n\n\n\n<p>L\u2019ADNA Bretagne r\u00e9unit des professionnels sp\u00e9cialis\u00e9s dans l\u2019\u00e9valuation et la prise en charge des troubles cognitifs. Notre d\u00e9marche repose sur la compl\u00e9mentarit\u00e9 des expertises et un travail coordonn\u00e9 entre tous les acteurs du territoire.<\/p>\n\n\n\n<h3 class=\"wp-block-heading\"><strong>Composition de l\u2019\u00e9quipe<\/strong><\/h3>\n\n\n\n<ul class=\"wp-block-list\">\n<li><strong>Neurologues lib\u00e9raux partenaires<\/strong><br>Sp\u00e9cialis\u00e9s dans les troubles cognitifs, ils assurent le diagnostic, le suivi m\u00e9dical et la coordination clinique.<\/li>\n\n\n\n<li><strong>Psychologues sp\u00e9cialis\u00e9s en neuropsychologie<\/strong><br>R\u00e9alisent les bilans neuropsychologues , participent au diagnostic, orientent vers les prises en charge adapt\u00e9es et accompagnent les patients et les familles.<\/li>\n\n\n\n<li><strong>neuropsychologue coordinateur<\/strong><br>Il assure \u00e0 la fois l\u2019expertise clinique et la coordination du parcours cognitif, en lien \u00e9troit avec les neuropsychologues. <\/li>\n\n\n\n<li><strong>Direction administrative<\/strong><br>Assure la gestion, la structuration des projets, les relations institutionnelles, et la coordination r\u00e9gionale de l\u2019association.<\/li>\n\n\n\n<li><strong>Professionnels<\/strong><br>Orthophonistes, g\u00e9riatres, m\u00e9decins g\u00e9n\u00e9ralistes, r\u00e9seaux partenaires, structures m\u00e9moire, associations d\u2019aidants\u2026<\/li>\n<\/ul>\n\n\n\n<h3 class=\"wp-block-heading\"><strong>Notre philosophie<\/strong><\/h3>\n\n\n\n<ul class=\"wp-block-list\">\n<li>Une approche\u00a0<strong>lib\u00e9rale coordonn\u00e9e<\/strong>, innovante et de proximit\u00e9.<\/li>\n\n\n\n<li>Un objectif :\u00a0<strong>acc\u00e9l\u00e9rer le diagnostic, fluidifier les parcours, soutenir les familles et am\u00e9liorer l\u2019acc\u00e8s aux soins<\/strong>.<\/li>\n\n\n\n<li>Un engagement :\u00a0<strong>qualit\u00e9, \u00e9quit\u00e9 territoriale et expertise<\/strong>.<\/li>\n<\/ul>\n\n\n\n<hr class=\"wp-block-separator has-alpha-channel-opacity\"\/>\n\n\n\n<h1 class=\"wp-block-heading\"><strong>Implantation en Bretagne<\/strong><\/h1>\n\n\n\n<p>L\u2019ADNA Bretagne accompagne les patients sur&nbsp;<strong>l\u2019ensemble du territoire breton<\/strong>&nbsp;gr\u00e2ce \u00e0 un r\u00e9seau de cabinets lib\u00e9raux sp\u00e9cialis\u00e9s et de consultations m\u00e9moire partenaires.<\/p>\n\n\n\n<h3 class=\"wp-block-heading\"><strong>Nos principaux lieux d\u2019intervention<\/strong><\/h3>\n\n\n\n<ul class=\"wp-block-list\">\n<li><strong>C\u00f4tes-d\u2019Armor \u2013 Saint-Brieuc<\/strong><\/li>\n\n\n\n<li><strong>Finist\u00e8re \u2013 Brest \/ Quimper \/ Morlaix<\/strong><\/li>\n\n\n\n<li><strong>Morbihan \u2013 Vannes \/ Lorient<\/strong><\/li>\n\n\n\n<li><strong>Ille-et-Vilaine \u2013 Rennes \/ Saint-Malo<\/strong><\/li>\n<\/ul>\n\n\n\n<p><\/p>\n","protected":false},"excerpt":{"rendered":"<p>Une \u00e9quipe pluridisciplinaire engag\u00e9e pour la sant\u00e9 cognitive en Bretagne L\u2019ADNA Bretagne r\u00e9unit des professionnels sp\u00e9cialis\u00e9s dans l\u2019\u00e9valuation et la prise en charge des troubles cognitifs. Notre d\u00e9marche repose sur la compl\u00e9mentarit\u00e9 des expertises et un travail coordonn\u00e9 entre tous les acteurs du territoire. Composition de l\u2019\u00e9quipe Notre philosophie Implantation en Bretagne L\u2019ADNA Bretagne accompagne&hellip;&nbsp;<a href=\"https:\/\/www.adna-bretagne.com\/index.php\/lequipe-et-notre-implantation\/\" rel=\"bookmark\"><span class=\"screen-reader-text\">L&rsquo;\u00e9quipe et notre implantation<\/span><\/a><\/p>\n","protected":false},"author":1,"featured_media":0,"parent":0,"menu_order":0,"comment_status":"closed","ping_status":"closed","template":"","meta":{"neve_meta_sidebar":"","neve_meta_container":"","neve_meta_enable_content_width":"","neve_meta_content_width":0,"neve_meta_title_alignment":"","neve_meta_author_avatar":"","neve_post_elements_order":"","neve_meta_disable_header":"","neve_meta_disable_footer":"","neve_meta_disable_title":"","_kadence_starter_templates_imported_post":false,"footnotes":""},"class_list":["post-47","page","type-page","status-publish","hentry"],"_links":{"self":[{"href":"https:\/\/www.adna-bretagne.com\/index.php\/wp-json\/wp\/v2\/pages\/47","targetHints":{"allow":["GET"]}}],"collection":[{"href":"https:\/\/www.adna-bretagne.com\/index.php\/wp-json\/wp\/v2\/pages"}],"about":[{"href":"https:\/\/www.adna-bretagne.com\/index.php\/wp-json\/wp\/v2\/types\/page"}],"author":[{"embeddable":true,"href":"https:\/\/www.adna-bretagne.com\/index.php\/wp-json\/wp\/v2\/users\/1"}],"replies":[{"embeddable":true,"href":"https:\/\/www.adna-bretagne.com\/index.php\/wp-json\/wp\/v2\/comments?post=47"}],"version-history":[{"count":3,"href":"https:\/\/www.adna-bretagne.com\/index.php\/wp-json\/wp\/v2\/pages\/47\/revisions"}],"predecessor-version":[{"id":84,"href":"https:\/\/www.adna-bretagne.com\/index.php\/wp-json\/wp\/v2\/pages\/47\/revisions\/84"}],"wp:attachment":[{"href":"https:\/\/www.adna-bretagne.com\/index.php\/wp-json\/wp\/v2\/media?parent=47"}],"curies":[{"name":"wp","href":"https:\/\/api.w.org\/{rel}","templated":true}]}}