{"id":32,"date":"2025-11-28T18:07:13","date_gmt":"2025-11-28T18:07:13","guid":{"rendered":"http:\/\/adnabrw.cluster121.hosting.ovh.net\/?page_id=32"},"modified":"2025-11-29T07:22:15","modified_gmt":"2025-11-29T07:22:15","slug":"ladna-bretagne","status":"publish","type":"page","link":"https:\/\/www.adna-bretagne.com\/index.php\/ladna-bretagne\/","title":{"rendered":"L&rsquo;association"},"content":{"rendered":"\n<p>L\u2019association \u00ab ADNA Bretagne\u00bb est une association de professionnels de sant\u00e9 (neurologues, g\u00e9riatres et neuropsychologues) qui soutient une consultation m\u00e9moire en secteur lib\u00e9ral qui s\u2019occupe des pathologies en rapport avec des troubles de la cognition (maladie d\u2019Alzheimer et troubles apparent\u00e9s), maladie neurologique avec troubles cognitifs (maladie de Parkinson, \u00e9pilepsie, scl\u00e9rose en plaques et tumeurs), troubles neuro-d\u00e9veloppementaux ou traumatismes cr\u00e2niens\u2026.<\/p>\n\n\n\n<p>Elle concourt \u00e0 rendre op\u00e9rationnels les objectifs suivants :<\/p>\n\n\n\n<p>&#8211; permettre l\u2019acc\u00e8s \u00e0 une consultation-m\u00e9moire de qualit\u00e9 et de proximit\u00e9 en secteur lib\u00e9ral avec l\u2019aide d\u2019un bilan neuropsychologique complet, totalement gratuit et adapt\u00e9 pour le diagnostic pr\u00e9coce de la maladie d\u2019Alzheimer et des maladies apparent\u00e9es, pour le bilan cognitif des maladies neurologiques, et le suivi des patients sur le plan cognitif.<\/p>\n\n\n\n<p>&#8211; permettre la prise en charge des troubles neuro-d\u00e9veloppementaux chez les adolescents et les adultes jeunes<\/p>\n\n\n\n<p>&#8211; garantir la qualit\u00e9 de soins en am\u00e9liorant la qualit\u00e9 du diagnostic et de la prise en charge des patients souffrant de troubles cognitifs, en liaison constante avec le m\u00e9decin traitant gr\u00e2ce \u00e0 :<\/p>\n\n\n\n<p>\u2022 l&rsquo;utilisation d\u2019un programme permettant un diagnostic pr\u00e9coce,<\/p>\n\n\n\n<p>\u2022 la r\u00e9alisation de s\u00e9ances de stimulation cognitive et d\u2019\u00e9ducation th\u00e9rapeutique<\/p>\n\n\n\n<p>\u2022 la proposition d\u2019entretiens d\u2019aide aux aidants.<\/p>\n\n\n\n<p>\u2022 l\u2019orientation vers les dispositifs d\u2019aide (DAC, h\u00f4pitaux de jour, ESA\u2026)<\/p>\n\n\n\n<p>&#8211; assurer la continuit\u00e9 des soins gr\u00e2ce \u00e0 un dossier patient unique informatis\u00e9 sur un site internet s\u00e9curis\u00e9.<\/p>\n\n\n\n<p>&#8211; garantir la qualit\u00e9 des professionnels de sant\u00e9 gr\u00e2ce \u00e0 la formation continue des neurologues lib\u00e9raux et neuropsychologues.<\/p>\n\n\n\n<p>&#8211; R\u00e9aliser et animer un programme de formation continue des acteurs associ\u00e9s au projet : neurologues lib\u00e9raux, m\u00e9decins g\u00e9n\u00e9ralistes, g\u00e9riatres, psychiatres, neuropsychologues, personnels para-m\u00e9dicaux &#8230;<\/p>\n\n\n\n<p>&#8211; Mettre en oeuvre des groupes d\u2019analyse de pratique afin de renforcer la coordination entre professionnels et d\u2019harmoniser les pratiques m\u00e9dicales.<\/p>\n","protected":false},"excerpt":{"rendered":"<p>L\u2019association \u00ab ADNA Bretagne\u00bb est une association de professionnels de sant\u00e9 (neurologues, g\u00e9riatres et neuropsychologues) qui soutient une consultation m\u00e9moire en secteur lib\u00e9ral qui s\u2019occupe des pathologies en rapport avec des troubles de la cognition (maladie d\u2019Alzheimer et troubles apparent\u00e9s), maladie neurologique avec troubles cognitifs (maladie de Parkinson, \u00e9pilepsie, scl\u00e9rose en plaques et tumeurs), troubles&hellip;&nbsp;<a href=\"https:\/\/www.adna-bretagne.com\/index.php\/ladna-bretagne\/\" rel=\"bookmark\"><span class=\"screen-reader-text\">L&rsquo;association<\/span><\/a><\/p>\n","protected":false},"author":1,"featured_media":0,"parent":0,"menu_order":0,"comment_status":"closed","ping_status":"closed","template":"","meta":{"neve_meta_sidebar":"","neve_meta_container":"","neve_meta_enable_content_width":"","neve_meta_content_width":0,"neve_meta_title_alignment":"","neve_meta_author_avatar":"","neve_post_elements_order":"","neve_meta_disable_header":"","neve_meta_disable_footer":"","neve_meta_disable_title":"","_kadence_starter_templates_imported_post":false,"footnotes":""},"class_list":["post-32","page","type-page","status-publish","hentry"],"_links":{"self":[{"href":"https:\/\/www.adna-bretagne.com\/index.php\/wp-json\/wp\/v2\/pages\/32","targetHints":{"allow":["GET"]}}],"collection":[{"href":"https:\/\/www.adna-bretagne.com\/index.php\/wp-json\/wp\/v2\/pages"}],"about":[{"href":"https:\/\/www.adna-bretagne.com\/index.php\/wp-json\/wp\/v2\/types\/page"}],"author":[{"embeddable":true,"href":"https:\/\/www.adna-bretagne.com\/index.php\/wp-json\/wp\/v2\/users\/1"}],"replies":[{"embeddable":true,"href":"https:\/\/www.adna-bretagne.com\/index.php\/wp-json\/wp\/v2\/comments?post=32"}],"version-history":[{"count":4,"href":"https:\/\/www.adna-bretagne.com\/index.php\/wp-json\/wp\/v2\/pages\/32\/revisions"}],"predecessor-version":[{"id":81,"href":"https:\/\/www.adna-bretagne.com\/index.php\/wp-json\/wp\/v2\/pages\/32\/revisions\/81"}],"wp:attachment":[{"href":"https:\/\/www.adna-bretagne.com\/index.php\/wp-json\/wp\/v2\/media?parent=32"}],"curies":[{"name":"wp","href":"https:\/\/api.w.org\/{rel}","templated":true}]}}